{"id":23127,"date":"2025-11-14T15:45:11","date_gmt":"2025-11-14T15:45:11","guid":{"rendered":"https:\/\/cm-fronteira.pt\/?page_id=23127"},"modified":"2025-11-14T16:06:26","modified_gmt":"2025-11-14T16:06:26","slug":"eleicoes-presidenciais-2026","status":"publish","type":"page","link":"https:\/\/cm-fronteira.pt\/de\/municipio\/eleicoes\/eleicoes-presidenciais-2026\/","title":{"rendered":"(Portugu\u00eas) Elei\u00e7\u00f5es Presidenciais 2026"},"content":{"rendered":"<p class=\"qtranxs-available-languages-message qtranxs-available-languages-message-de\">Leider ist der Eintrag nur auf <a href=\"https:\/\/cm-fronteira.pt\/pt\/wp-json\/wp\/v2\/pages\/23127\" class=\"qtranxs-available-language-link qtranxs-available-language-link-pt\" title=\"Portugu\u00eas\">Portugu\u00eas<\/a> verf\u00fcgbar.<\/p>","protected":false},"excerpt":{"rendered":"<p>Leider ist der Eintrag nur auf Portugu\u00eas verf\u00fcgbar.<\/p>\n","protected":false},"author":5,"featured_media":0,"parent":23123,"menu_order":0,"comment_status":"closed","ping_status":"closed","template":"templates-map\/component-text-list-layout2.php","meta":{"_acf_changed":false,"_exactmetrics_skip_tracking":false,"_exactmetrics_sitenote_active":false,"_exactmetrics_sitenote_note":"","_exactmetrics_sitenote_category":0,"footnotes":""},"categories":[1336],"class_list":["post-23127","page","type-page","status-publish","hentry","category-municipio"],"acf":[],"_links":{"self":[{"href":"https:\/\/cm-fronteira.pt\/de\/wp-json\/wp\/v2\/pages\/23127","targetHints":{"allow":["GET"]}}],"collection":[{"href":"https:\/\/cm-fronteira.pt\/de\/wp-json\/wp\/v2\/pages"}],"about":[{"href":"https:\/\/cm-fronteira.pt\/de\/wp-json\/wp\/v2\/types\/page"}],"author":[{"embeddable":true,"href":"https:\/\/cm-fronteira.pt\/de\/wp-json\/wp\/v2\/users\/5"}],"replies":[{"embeddable":true,"href":"https:\/\/cm-fronteira.pt\/de\/wp-json\/wp\/v2\/comments?post=23127"}],"version-history":[{"count":2,"href":"https:\/\/cm-fronteira.pt\/de\/wp-json\/wp\/v2\/pages\/23127\/revisions"}],"predecessor-version":[{"id":23135,"href":"https:\/\/cm-fronteira.pt\/de\/wp-json\/wp\/v2\/pages\/23127\/revisions\/23135"}],"up":[{"embeddable":true,"href":"https:\/\/cm-fronteira.pt\/de\/wp-json\/wp\/v2\/pages\/23123"}],"wp:attachment":[{"href":"https:\/\/cm-fronteira.pt\/de\/wp-json\/wp\/v2\/media?parent=23127"}],"wp:term":[{"taxonomy":"category","embeddable":true,"href":"https:\/\/cm-fronteira.pt\/de\/wp-json\/wp\/v2\/categories?post=23127"}],"curies":[{"name":"wp","href":"https:\/\/api.w.org\/{rel}","templated":true}]}}