{"id":1257,"date":"2020-12-04T15:30:28","date_gmt":"2020-12-04T15:30:28","guid":{"rendered":"https:\/\/cm-fronteira.pt\/?page_id=1257"},"modified":"2025-10-06T14:09:36","modified_gmt":"2025-10-06T14:09:36","slug":"24-horas-tt-vila-de-fronteira","status":"publish","type":"page","link":"https:\/\/cm-fronteira.pt\/de\/lazer\/eventos-e-atividades-desportivas\/24-horas-tt-vila-de-fronteira\/","title":{"rendered":"24 Horas TT &#8211; Vila de Fronteira"},"content":{"rendered":"<p><\/p>\n<p class=\"p1\" style=\"text-align: justify\">Com uma tradi\u00e7\u00e3o de mais de 20 anos, o <strong>rally 24 Horas TT<\/strong> realiza-se anualmente em Novembro, na vila de Fronteira. Esta grande competi\u00e7\u00e3o a quatro rodas consiste numa exigente prova de resist\u00eancia em todo-o-terreno.<span class=\"Apple-converted-space\">\u00a0<\/span><\/p>\n<p class=\"p1\" style=\"text-align: justify\">Todos os anos, alguns dos melhores pilotos portugueses e estrangeiros podem ser vistos nesta competi\u00e7\u00e3o, habituando os apaixonados do desporto motorizado a visitar a vila durante o evento.<\/p>\n<p class=\"p1\" style=\"text-align: justify\">Antes da prova principal, o Terr\u00f3dromo de Fronteira recebe ainda as <strong>4 Horas SSV<\/strong>, prova para ve\u00edculos de competi\u00e7\u00e3o UTV. Um programa intenso de automobilismo, a n\u00e3o perder.<\/p>\n<hr \/>\n<p>\n\t\t<style type=\"text\/css\">\n\t\t\t#gallery-4 {\n\t\t\t\tmargin: auto;\n\t\t\t}\n\t\t\t#gallery-4 .gallery-item {\n\t\t\t\tfloat: left;\n\t\t\t\tmargin-top: 10px;\n\t\t\t\ttext-align: center;\n\t\t\t\twidth: 33%;\n\t\t\t}\n\t\t\t#gallery-4 img {\n\t\t\t\tborder: 2px solid #cfcfcf;\n\t\t\t}\n\t\t\t#gallery-4 .gallery-caption {\n\t\t\t\tmargin-left: 0;\n\t\t\t}\n\t\t\t\/* see gallery_shortcode() in wp-includes\/media.php *\/\n\t\t<\/style>\n\t\t<div id='gallery-4' class='gallery galleryid-1257 gallery-columns-3 gallery-size-thumbnail'><dl class='gallery-item'>\n\t\t\t<dt class='gallery-icon landscape'>\n\t\t\t\t<a href='https:\/\/cm-fronteira.pt\/wp-content\/uploads\/2021\/05\/24-HorasTT_20191.jpg'><img decoding=\"async\" width=\"150\" height=\"150\" src=\"https:\/\/cm-fronteira.pt\/wp-content\/uploads\/2021\/05\/24-HorasTT_20191-150x150.jpg\" class=\"attachment-thumbnail size-thumbnail\" alt=\"\" \/><\/a>\n\t\t\t<\/dt><\/dl><dl class='gallery-item'>\n\t\t\t<dt class='gallery-icon landscape'>\n\t\t\t\t<a href='https:\/\/cm-fronteira.pt\/wp-content\/uploads\/2021\/05\/24-HorasTT_20193.jpg'><img decoding=\"async\" width=\"150\" height=\"150\" src=\"https:\/\/cm-fronteira.pt\/wp-content\/uploads\/2021\/05\/24-HorasTT_20193-150x150.jpg\" class=\"attachment-thumbnail size-thumbnail\" alt=\"\" \/><\/a>\n\t\t\t<\/dt><\/dl><dl class='gallery-item'>\n\t\t\t<dt class='gallery-icon landscape'>\n\t\t\t\t<a href='https:\/\/cm-fronteira.pt\/wp-content\/uploads\/2021\/05\/24-HorasTT_2019.jpg'><img decoding=\"async\" width=\"150\" height=\"150\" src=\"https:\/\/cm-fronteira.pt\/wp-content\/uploads\/2021\/05\/24-HorasTT_2019-150x150.jpg\" class=\"attachment-thumbnail size-thumbnail\" alt=\"\" \/><\/a>\n\t\t\t<\/dt><\/dl><br style=\"clear: both\" \/><dl class='gallery-item'>\n\t\t\t<dt class='gallery-icon landscape'>\n\t\t\t\t<a href='https:\/\/cm-fronteira.pt\/wp-content\/uploads\/2021\/07\/8_24HorasTT.jpg'><img decoding=\"async\" width=\"150\" height=\"150\" src=\"https:\/\/cm-fronteira.pt\/wp-content\/uploads\/2021\/07\/8_24HorasTT-150x150.jpg\" class=\"attachment-thumbnail size-thumbnail\" alt=\"\" \/><\/a>\n\t\t\t<\/dt><\/dl><dl class='gallery-item'>\n\t\t\t<dt class='gallery-icon landscape'>\n\t\t\t\t<a href='https:\/\/cm-fronteira.pt\/wp-content\/uploads\/2021\/05\/24-HorasTT_20195.jpg'><img decoding=\"async\" width=\"150\" height=\"150\" src=\"https:\/\/cm-fronteira.pt\/wp-content\/uploads\/2021\/05\/24-HorasTT_20195-150x150.jpg\" class=\"attachment-thumbnail size-thumbnail\" alt=\"\" \/><\/a>\n\t\t\t<\/dt><\/dl><dl class='gallery-item'>\n\t\t\t<dt class='gallery-icon landscape'>\n\t\t\t\t<a href='https:\/\/cm-fronteira.pt\/wp-content\/uploads\/2021\/05\/24-HorasTT_20194.jpg'><img decoding=\"async\" width=\"150\" height=\"150\" src=\"https:\/\/cm-fronteira.pt\/wp-content\/uploads\/2021\/05\/24-HorasTT_20194-150x150.jpg\" class=\"attachment-thumbnail size-thumbnail\" alt=\"\" \/><\/a>\n\t\t\t<\/dt><\/dl><br style=\"clear: both\" \/>\n\t\t<\/div>\n<\/p>","protected":false},"excerpt":{"rendered":"<p>Com uma tradi\u00e7\u00e3o de mais de 20 anos, o rally 24 Horas TT realiza-se anualmente em Novembro, na vila de Fronteira. Esta grande competi\u00e7\u00e3o a quatro rodas consiste numa exigente prova de resist\u00eancia em todo-o-terreno.\u00a0 Todos os anos, alguns dos melhores pilotos portugueses e estrangeiros podem ser vistos nesta competi\u00e7\u00e3o, habituando os apaixonados do desporto [&hellip;]<\/p>\n","protected":false},"author":13,"featured_media":8035,"parent":7573,"menu_order":0,"comment_status":"closed","ping_status":"closed","template":"templates-map\/component-text-layout1.php","meta":{"_acf_changed":false,"_exactmetrics_skip_tracking":false,"_exactmetrics_sitenote_active":false,"_exactmetrics_sitenote_note":"","_exactmetrics_sitenote_category":0,"footnotes":""},"categories":[1338],"class_list":["post-1257","page","type-page","status-publish","has-post-thumbnail","hentry","category-lazer"],"acf":[],"_links":{"self":[{"href":"https:\/\/cm-fronteira.pt\/de\/wp-json\/wp\/v2\/pages\/1257","targetHints":{"allow":["GET"]}}],"collection":[{"href":"https:\/\/cm-fronteira.pt\/de\/wp-json\/wp\/v2\/pages"}],"about":[{"href":"https:\/\/cm-fronteira.pt\/de\/wp-json\/wp\/v2\/types\/page"}],"author":[{"embeddable":true,"href":"https:\/\/cm-fronteira.pt\/de\/wp-json\/wp\/v2\/users\/13"}],"replies":[{"embeddable":true,"href":"https:\/\/cm-fronteira.pt\/de\/wp-json\/wp\/v2\/comments?post=1257"}],"version-history":[{"count":24,"href":"https:\/\/cm-fronteira.pt\/de\/wp-json\/wp\/v2\/pages\/1257\/revisions"}],"predecessor-version":[{"id":22646,"href":"https:\/\/cm-fronteira.pt\/de\/wp-json\/wp\/v2\/pages\/1257\/revisions\/22646"}],"up":[{"embeddable":true,"href":"https:\/\/cm-fronteira.pt\/de\/wp-json\/wp\/v2\/pages\/7573"}],"wp:featuredmedia":[{"embeddable":true,"href":"https:\/\/cm-fronteira.pt\/de\/wp-json\/wp\/v2\/media\/8035"}],"wp:attachment":[{"href":"https:\/\/cm-fronteira.pt\/de\/wp-json\/wp\/v2\/media?parent=1257"}],"wp:term":[{"taxonomy":"category","embeddable":true,"href":"https:\/\/cm-fronteira.pt\/de\/wp-json\/wp\/v2\/categories?post=1257"}],"curies":[{"name":"wp","href":"https:\/\/api.w.org\/{rel}","templated":true}]}}