{"id":1242,"date":"2020-12-04T15:15:27","date_gmt":"2020-12-04T15:15:27","guid":{"rendered":"https:\/\/cm-fronteira.pt\/?page_id=1242"},"modified":"2023-10-31T18:06:31","modified_gmt":"2023-10-31T18:06:31","slug":"termas-da-sulfurea","status":"publish","type":"page","link":"https:\/\/cm-fronteira.pt\/de\/lazer\/equipamentos\/termas-da-sulfurea\/","title":{"rendered":"Termas da Sulf\u00farea"},"content":{"rendered":"<div style=\"width: 1280px;\" class=\"wp-video\"><video class=\"wp-video-shortcode\" id=\"video-1242-1\" width=\"1280\" height=\"720\" preload=\"metadata\" controls=\"controls\"><source type=\"video\/mp4\" src=\"https:\/\/cm-fronteira.pt\/wp-content\/uploads\/2023\/03\/Circuito-Sulfurea.mp4?_=1\" \/><a href=\"https:\/\/cm-fronteira.pt\/wp-content\/uploads\/2023\/03\/Circuito-Sulfurea.mp4\">https:\/\/cm-fronteira.pt\/wp-content\/uploads\/2023\/03\/Circuito-Sulfurea.mp4<\/a><\/video><\/div>\n<p>&nbsp;<\/p>\n<p class=\"p1\" style=\"text-align: justify;\">As famosas \u00e1guas das Termas de Cabe\u00e7o de Vide surgem desde o imp\u00e9rio de C\u00e9sar Augusto a 119 a.c. em que os romanos ter\u00e3o sido os primeiros utilizadores. Mas s\u00f3 nos tempos modernos, em 1855 emergem como <strong>Termas da Sulf\u00farea<\/strong>.<span class=\"Apple-converted-space\">\u00a0<\/span><\/p>\n<p>A Junta de Freguesia de Cabe\u00e7o de Vide impulsionou-as definitivamente em 1935, com a obten\u00e7\u00e3o do Alvar\u00e1 de Concess\u00e3o Perp\u00e9tua e grandes obras de melhoramento. Atualmente o balne\u00e1rio foi substitu\u00eddo por um moderno e confort\u00e1vel complexo termal, onde a comodidade e o bem-estar f\u00edsico e ps\u00edquico andam de m\u00e3os dadas. O seu espa\u00e7o envolvente \u00e9 convidativo para passeios e atividades ao ar livre.<\/p>\n<p>&nbsp;<\/p>\n<h3 style=\"text-align: justify;\">&#8220;\u00fanica \u00e1gua no pa\u00eds&#8221;<\/h3>\n<p style=\"text-align: justify;\">A \u00e1gua mineromedicinal de Cabe\u00e7o de Vide \u00e9 sulf\u00farea, hipossalina e hiperalcalina, s\u00f3dica e c\u00e1lcica, oxilidrada, com um <strong>ph de 11,55<\/strong>. Tem elevado teor de s\u00edlica, cloretos e apreci\u00e1vel quantidade de zinco. \u00c9 bacteriologicamente pura. A \u00e1gua emerge a uma temperatura de 19\u00ba.<\/p>\n<p style=\"text-align: justify;\">O prof. Herculano de Carvalho refere esta \u00e1gua como &#8220;\u00fanica no pa\u00eds, e que n\u00e3o \u00e9 do nosso conhecimento quaisquer similares estrangeiras simultaneamente oxilidradas e hipossalinas&#8221;.<\/p>\n<p>\u00a0Em suma, e posto isto, venha experimentar!<\/p>\n","protected":false},"excerpt":{"rendered":"<p>&nbsp; As famosas \u00e1guas das Termas de Cabe\u00e7o de Vide surgem desde o imp\u00e9rio de C\u00e9sar Augusto a 119 a.c. em que os romanos ter\u00e3o sido os primeiros utilizadores. Mas s\u00f3 nos tempos modernos, em 1855 emergem como Termas da Sulf\u00farea.\u00a0 A Junta de Freguesia de Cabe\u00e7o de Vide impulsionou-as definitivamente em 1935, com a [&hellip;]<\/p>\n","protected":false},"author":13,"featured_media":1814,"parent":1238,"menu_order":0,"comment_status":"closed","ping_status":"closed","template":"templates-map\/component-text-list-layout2.php","meta":{"_acf_changed":false,"_exactmetrics_skip_tracking":false,"_exactmetrics_sitenote_active":false,"_exactmetrics_sitenote_note":"","_exactmetrics_sitenote_category":0,"footnotes":""},"categories":[1],"class_list":["post-1242","page","type-page","status-publish","has-post-thumbnail","hentry","category-sem-categoria"],"acf":[],"_links":{"self":[{"href":"https:\/\/cm-fronteira.pt\/de\/wp-json\/wp\/v2\/pages\/1242","targetHints":{"allow":["GET"]}}],"collection":[{"href":"https:\/\/cm-fronteira.pt\/de\/wp-json\/wp\/v2\/pages"}],"about":[{"href":"https:\/\/cm-fronteira.pt\/de\/wp-json\/wp\/v2\/types\/page"}],"author":[{"embeddable":true,"href":"https:\/\/cm-fronteira.pt\/de\/wp-json\/wp\/v2\/users\/13"}],"replies":[{"embeddable":true,"href":"https:\/\/cm-fronteira.pt\/de\/wp-json\/wp\/v2\/comments?post=1242"}],"version-history":[{"count":21,"href":"https:\/\/cm-fronteira.pt\/de\/wp-json\/wp\/v2\/pages\/1242\/revisions"}],"predecessor-version":[{"id":12807,"href":"https:\/\/cm-fronteira.pt\/de\/wp-json\/wp\/v2\/pages\/1242\/revisions\/12807"}],"up":[{"embeddable":true,"href":"https:\/\/cm-fronteira.pt\/de\/wp-json\/wp\/v2\/pages\/1238"}],"wp:featuredmedia":[{"embeddable":true,"href":"https:\/\/cm-fronteira.pt\/de\/wp-json\/wp\/v2\/media\/1814"}],"wp:attachment":[{"href":"https:\/\/cm-fronteira.pt\/de\/wp-json\/wp\/v2\/media?parent=1242"}],"wp:term":[{"taxonomy":"category","embeddable":true,"href":"https:\/\/cm-fronteira.pt\/de\/wp-json\/wp\/v2\/categories?post=1242"}],"curies":[{"name":"wp","href":"https:\/\/api.w.org\/{rel}","templated":true}]}}